{"id":590,"date":"2017-03-17T18:11:01","date_gmt":"2017-03-17T18:11:01","guid":{"rendered":"http:\/\/factorhia.com\/inicio\/"},"modified":"2017-03-17T18:11:01","modified_gmt":"2017-03-17T18:11:01","slug":"inicio","status":"publish","type":"page","link":"https:\/\/factorhia.com\/en\/inicio\/","title":{"rendered":"Inicio"},"content":{"rendered":"<p>[et_pb_section admin_label=&#8221;section&#8221; fullwidth=&#8221;on&#8221; specialty=&#8221;off&#8221;][et_pb_fullwidth_slider admin_label=&#8221;Fullwidth Slider&#8221; show_arrows=&#8221;on&#8221; show_pagination=&#8221;on&#8221; auto=&#8221;off&#8221; parallax=&#8221;off&#8221;] [et_pb_slide heading=&#8221;WE ARE A CREATIVE AGENCY&#8221; button_text=&#8221;Our Work&#8221; button_link=&#8221;https:\/\/elegantthemes.com\/preview\/Divi2\/fullwidth-grid\/&#8221; background_image=&#8221;https:\/\/elegantthemesimages.com\/images\/premade\/d2-placeholder-1920.png&#8221; background_color=&#8221;#ffffff&#8221; alignment=&#8221;center&#8221; background_layout=&#8221;dark&#8221; \/] [\/et_pb_fullwidth_slider][\/et_pb_section][et_pb_section admin_label=&#8221;section&#8221; inner_shadow=&#8221;off&#8221; parallax=&#8221;off&#8221;][et_pb_row admin_label=&#8221;row&#8221;][et_pb_column type=&#8221;1_4&#8243;][et_pb_blurb admin_label=&#8221;Blurb&#8221; title=&#8221;Lorem Ipsum&#8221; url_new_window=&#8221;off&#8221; image=&#8221;https:\/\/elegantthemesimages.com\/images\/premade\/builder-blurbs-mobile.jpg&#8221; animation=&#8221;top&#8221; background_layout=&#8221;light&#8221; text_orientation=&#8221;center&#8221; use_icon=&#8221;off&#8221; icon_color=&#8221;#108bf5&#8243; use_circle=&#8221;off&#8221; circle_color=&#8221;#108bf5&#8243; use_circle_border=&#8221;off&#8221; circle_border_color=&#8221;#108bf5&#8243; icon_placement=&#8221;top&#8221;] Divi will change the way you build websites forever. The advanced page builder makes it possible to build truly dynamic pages without learning code. [\/et_pb_blurb][\/et_pb_column][et_pb_column type=&#8221;1_4&#8243;][et_pb_blurb admin_label=&#8221;Blurb&#8221; title=&#8221;Lorem Ipsum&#8221; url_new_window=&#8221;off&#8221; image=&#8221;https:\/\/elegantthemesimages.com\/images\/premade\/builder-blurbs-export.jpg&#8221; animation=&#8221;top&#8221; background_layout=&#8221;light&#8221; text_orientation=&#8221;center&#8221; use_icon=&#8221;off&#8221; icon_color=&#8221;#108bf5&#8243; use_circle=&#8221;off&#8221; circle_color=&#8221;#108bf5&#8243; use_circle_border=&#8221;off&#8221; circle_border_color=&#8221;#108bf5&#8243; icon_placement=&#8221;top&#8221;] Divi will change the way you build websites forever. The advanced page builder makes it possible to build truly dynamic pages without learning code. [\/et_pb_blurb][\/et_pb_column][et_pb_column type=&#8221;1_4&#8243;][et_pb_blurb admin_label=&#8221;Blurb&#8221; title=&#8221;Lorem Ipsum&#8221; url_new_window=&#8221;off&#8221; image=&#8221;https:\/\/elegantthemesimages.com\/images\/premade\/builder-blurbs-layouts.jpg&#8221; animation=&#8221;top&#8221; background_layout=&#8221;light&#8221; text_orientation=&#8221;center&#8221; use_icon=&#8221;off&#8221; icon_color=&#8221;#108bf5&#8243; use_circle=&#8221;off&#8221; circle_color=&#8221;#108bf5&#8243; use_circle_border=&#8221;off&#8221; circle_border_color=&#8221;#108bf5&#8243; icon_placement=&#8221;top&#8221;] Divi will change the way you build websites forever. The advanced page builder makes it possible to build truly dynamic pages without learning code. [\/et_pb_blurb][\/et_pb_column][et_pb_column type=&#8221;1_4&#8243;][et_pb_blurb admin_label=&#8221;Blurb&#8221; title=&#8221;Lorem Ipsum&#8221; url_new_window=&#8221;off&#8221; image=&#8221;https:\/\/elegantthemesimages.com\/images\/premade\/builder-blurbs-commerce.jpg&#8221; animation=&#8221;top&#8221; background_layout=&#8221;light&#8221; text_orientation=&#8221;center&#8221; use_icon=&#8221;off&#8221; icon_color=&#8221;#108bf5&#8243; use_circle=&#8221;off&#8221; circle_color=&#8221;#108bf5&#8243; use_circle_border=&#8221;off&#8221; circle_border_color=&#8221;#108bf5&#8243; icon_placement=&#8221;top&#8221;] Divi will change the way you build websites forever. The advanced page builder makes it possible to build truly dynamic pages without learning code. [\/et_pb_blurb][\/et_pb_column][\/et_pb_row][\/et_pb_section][et_pb_section admin_label=&#8221;section&#8221; fullwidth=&#8221;off&#8221; specialty=&#8221;off&#8221; background_color=&#8221;#f7f7f7&#8243; inner_shadow=&#8221;on&#8221; parallax=&#8221;off&#8221;][et_pb_row admin_label=&#8221;row&#8221;][et_pb_column type=&#8221;4_4&#8243;][et_pb_text admin_label=&#8221;Text&#8221; background_layout=&#8221;light&#8221; text_orientation=&#8221;center&#8221;]<\/p>\n<h1>OUR LATEST WORK<\/h1>\n<p>[\/et_pb_text][\/et_pb_column][\/et_pb_row][et_pb_row admin_label=&#8221;row&#8221;][et_pb_column type=&#8221;4_4&#8243;][et_pb_portfolio admin_label=&#8221;Portfolio&#8221; fullwidth=&#8221;off&#8221; posts_number=&#8221;8&#8243; show_title=&#8221;on&#8221; show_categories=&#8221;off&#8221; show_pagination=&#8221;off&#8221; background_layout=&#8221;light&#8221;] [\/et_pb_portfolio][et_pb_cta admin_label=&#8221;Call To Action&#8221; button_url=&#8221;#&#8221; button_text=&#8221;Full Portfolio&#8221; use_background_color=&#8221;off&#8221; background_color=&#8221;#2ea3f2&#8243; background_layout=&#8221;light&#8221; text_orientation=&#8221;center&#8221;] [\/et_pb_cta][\/et_pb_column][\/et_pb_row][\/et_pb_section][et_pb_section admin_label=&#8221;section&#8221; fullwidth=&#8221;off&#8221; specialty=&#8221;off&#8221; background_color=&#8221;#222b34&#8243; inner_shadow=&#8221;off&#8221; parallax=&#8221;off&#8221;][et_pb_row admin_label=&#8221;row&#8221;][et_pb_column type=&#8221;4_4&#8243;][et_pb_text admin_label=&#8221;Text&#8221; background_layout=&#8221;dark&#8221; text_orientation=&#8221;center&#8221;]<\/p>\n<h1>MEET THE CREW<\/h1>\n<p>[\/et_pb_text][\/et_pb_column][\/et_pb_row][et_pb_row admin_label=&#8221;row&#8221;][et_pb_column type=&#8221;1_3&#8243;][et_pb_team_member admin_label=&#8221;Team Member&#8221; name=&#8221;Lorem Ipsum&#8221; position=&#8221;Company Role&#8221; image_url=&#8221;https:\/\/elegantthemesimages.com\/images\/premade\/d2-placeholder-320px.jpg&#8221; animation=&#8221;fade_in&#8221; background_layout=&#8221;dark&#8221;] [\/et_pb_team_member][et_pb_team_member admin_label=&#8221;Team Member&#8221; name=&#8221;Lorem Ipsum&#8221; position=&#8221;Company Role&#8221; image_url=&#8221;https:\/\/elegantthemesimages.com\/images\/premade\/d2-placeholder-320px.jpg&#8221; animation=&#8221;fade_in&#8221; background_layout=&#8221;dark&#8221;] [\/et_pb_team_member][\/et_pb_column][et_pb_column type=&#8221;1_3&#8243;][et_pb_team_member admin_label=&#8221;Team Member&#8221; name=&#8221;Lorem Ipsum&#8221; position=&#8221;Company Role&#8221; image_url=&#8221;https:\/\/elegantthemesimages.com\/images\/premade\/d2-placeholder-320px.jpg&#8221; animation=&#8221;fade_in&#8221; background_layout=&#8221;dark&#8221;] [\/et_pb_team_member][et_pb_team_member admin_label=&#8221;Team Member&#8221; name=&#8221;Lorem Ipsum&#8221; position=&#8221;Company Role&#8221; image_url=&#8221;https:\/\/elegantthemesimages.com\/images\/premade\/d2-placeholder-320px.jpg&#8221; animation=&#8221;fade_in&#8221; background_layout=&#8221;dark&#8221;] [\/et_pb_team_member][\/et_pb_column][et_pb_column type=&#8221;1_3&#8243;][et_pb_team_member admin_label=&#8221;Team Member&#8221; name=&#8221;Lorem Ipsum&#8221; position=&#8221;Company Role&#8221; image_url=&#8221;https:\/\/elegantthemesimages.com\/images\/premade\/d2-placeholder-320px.jpg&#8221; animation=&#8221;fade_in&#8221; background_layout=&#8221;dark&#8221;] [\/et_pb_team_member][et_pb_team_member admin_label=&#8221;Team Member&#8221; name=&#8221;Lorem Ipsum&#8221; position=&#8221;Company Role&#8221; image_url=&#8221;https:\/\/elegantthemesimages.com\/images\/premade\/d2-placeholder-320px.jpg&#8221; animation=&#8221;fade_in&#8221; background_layout=&#8221;dark&#8221;] [\/et_pb_team_member][\/et_pb_column][\/et_pb_row][et_pb_row admin_label=&#8221;row&#8221;][et_pb_column type=&#8221;4_4&#8243;][et_pb_cta admin_label=&#8221;Call To Action&#8221; button_url=&#8221;#&#8221; button_text=&#8221;Full Profiles&#8221; use_background_color=&#8221;off&#8221; background_color=&#8221;#2ea3f2&#8243; background_layout=&#8221;dark&#8221; text_orientation=&#8221;center&#8221;] [\/et_pb_cta][\/et_pb_column][\/et_pb_row][\/et_pb_section][et_pb_section admin_label=&#8221;section&#8221; fullwidth=&#8221;off&#8221; specialty=&#8221;off&#8221;][et_pb_row admin_label=&#8221;row&#8221;][et_pb_column type=&#8221;4_4&#8243;][et_pb_text admin_label=&#8221;Text&#8221; background_layout=&#8221;light&#8221; text_orientation=&#8221;center&#8221;]<\/p>\n<h1>OUR CLIENTS<\/h1>\n<p>[\/et_pb_text][\/et_pb_column][\/et_pb_row][et_pb_row admin_label=&#8221;row&#8221;][et_pb_column type=&#8221;1_4&#8243;][et_pb_image admin_label=&#8221;Image&#8221; src=&#8221;https:\/\/www.elegantthemesimages.com\/images\/premade\/et-logo.png&#8221; url_new_window=&#8221;off&#8221; animation=&#8221;left&#8221; show_in_lightbox=&#8221;off&#8221;] [\/et_pb_image][\/et_pb_column][et_pb_column type=&#8221;1_4&#8243;][et_pb_image admin_label=&#8221;Image&#8221; src=&#8221;https:\/\/www.elegantthemesimages.com\/images\/premade\/et-logo.png&#8221; url_new_window=&#8221;off&#8221; animation=&#8221;left&#8221; show_in_lightbox=&#8221;off&#8221;] [\/et_pb_image][\/et_pb_column][et_pb_column type=&#8221;1_4&#8243;][et_pb_image admin_label=&#8221;Image&#8221; src=&#8221;https:\/\/www.elegantthemesimages.com\/images\/premade\/et-logo.png&#8221; url_new_window=&#8221;off&#8221; animation=&#8221;left&#8221; show_in_lightbox=&#8221;off&#8221;] [\/et_pb_image][\/et_pb_column][et_pb_column type=&#8221;1_4&#8243;][et_pb_image admin_label=&#8221;Image&#8221; src=&#8221;https:\/\/www.elegantthemesimages.com\/images\/premade\/et-logo.png&#8221; url_new_window=&#8221;off&#8221; animation=&#8221;left&#8221; show_in_lightbox=&#8221;off&#8221;] [\/et_pb_image][\/et_pb_column][\/et_pb_row][et_pb_row admin_label=&#8221;row&#8221;][et_pb_column type=&#8221;1_4&#8243;][et_pb_image admin_label=&#8221;Image&#8221; src=&#8221;https:\/\/www.elegantthemesimages.com\/images\/premade\/et-logo.png&#8221; url_new_window=&#8221;off&#8221; animation=&#8221;left&#8221; show_in_lightbox=&#8221;off&#8221;] [\/et_pb_image][\/et_pb_column][et_pb_column type=&#8221;1_4&#8243;][et_pb_image admin_label=&#8221;Image&#8221; src=&#8221;https:\/\/www.elegantthemesimages.com\/images\/premade\/et-logo.png&#8221; url_new_window=&#8221;off&#8221; animation=&#8221;left&#8221; show_in_lightbox=&#8221;off&#8221;] [\/et_pb_image][\/et_pb_column][et_pb_column type=&#8221;1_4&#8243;][et_pb_image admin_label=&#8221;Image&#8221; src=&#8221;https:\/\/www.elegantthemesimages.com\/images\/premade\/et-logo.png&#8221; url_new_window=&#8221;off&#8221; animation=&#8221;left&#8221; show_in_lightbox=&#8221;off&#8221;] [\/et_pb_image][\/et_pb_column][et_pb_column type=&#8221;1_4&#8243;][et_pb_image admin_label=&#8221;Image&#8221; src=&#8221;https:\/\/www.elegantthemesimages.com\/images\/premade\/et-logo.png&#8221; url_new_window=&#8221;off&#8221; animation=&#8221;left&#8221; show_in_lightbox=&#8221;off&#8221;] [\/et_pb_image][\/et_pb_column][\/et_pb_row][et_pb_row admin_label=&#8221;row&#8221;][et_pb_column type=&#8221;4_4&#8243;][et_pb_cta admin_label=&#8221;Call To Action&#8221; button_url=&#8221;#&#8221; button_text=&#8221;Full List&#8221; use_background_color=&#8221;off&#8221; background_color=&#8221;#2ea3f2&#8243; background_layout=&#8221;light&#8221; text_orientation=&#8221;center&#8221;] [\/et_pb_cta][\/et_pb_column][\/et_pb_row][\/et_pb_section][et_pb_section admin_label=&#8221;section&#8221; fullwidth=&#8221;off&#8221; specialty=&#8221;off&#8221; inner_shadow=&#8221;off&#8221; parallax=&#8221;off&#8221; background_color=&#8221;#2ea3f2&#8243;][et_pb_row admin_label=&#8221;row&#8221;][et_pb_column type=&#8221;4_4&#8243;][et_pb_signup admin_label=&#8221;Subscribe&#8221; provider=&#8221;mailchimp&#8221; himp_list=&#8221;none&#8221; aweber_list=&#8221;3423452&#8243; button_text=&#8221;Sign Me Up&#8221; use_background_color=&#8221;off&#8221; background_color=&#8221;#2ea3f2&#8243; background_layout=&#8221;dark&#8221; text_orientation=&#8221;left&#8221; title=&#8221;Connect With Us&#8221;] Aenean consectetur ipsum ante, vel egestas enim tincidunt quis. Pellentesque vitae congue neque, vel mattis ante. In vitae tempus nunc. Etiam adipiscing enim sed condimentum ultrices. Cras rutrum blandit sem, molestie consequat erat luctus vel. Cras nunc est, laoreet sit amet ligula et, eleifend commodo dui. Vivamus id blandit nisi, eu mattis odio. Nulla facilisi. Aenean in mi odio. Etiam adipiscing enim sed condimentum ultrices. [\/et_pb_signup][\/et_pb_column][\/et_pb_row][\/et_pb_section]<\/p>\n","protected":false},"excerpt":{"rendered":"<p>Divi will change the way you build websites forever. The advanced page builder makes it possible to build truly dynamic pages without learning code. Divi will change the way you build websites forever. The advanced page builder makes it possible to build truly dynamic pages without learning code. Divi will change the way you build [&hellip;]<\/p>\n","protected":false},"author":1,"featured_media":0,"parent":0,"menu_order":0,"comment_status":"closed","ping_status":"open","template":"","meta":{"_et_pb_use_builder":"on","_et_pb_old_content":"<p>Esto es una p\u00e1gina de ejemplo. Es diferente a una entrada porque permanece fija en un lugar y se mostrar\u00e1 en la navegaci\u00f3n de tu sitio (en la mayor\u00eda de los temas). La mayor\u00eda de la gente empieza con una p\u00e1gina de Acerca de, que les presenta a los potenciales visitantes del sitio. Podr\u00eda ser algo como esto:<\/p><blockquote><p>\u00a1Hola! Soy mensajero por el d\u00eda, aspirante a actor por la noche, y este es mi blog. Vivo en Madrid, tengo un perrazo llamado Duque y me gustan las pi\u00f1as coladas (y que me pille un chaparr\u00f3n)<\/p><\/blockquote><p>...o algo as\u00ed:<\/p><blockquote><p>La empresa XYZ se fund\u00f3 en 1971 y ha estado ofreciendo \"cosas\" de calidad al p\u00fablico desde entonces. Situada en Madrid, XYZ emplea a m\u00e1s de 2.000 personas y hace todo tipo de cosas sorprendentes para la comunidad de Madrid.<\/p><\/blockquote><p>Si eres nuevo en WordPress deber\u00edas ir a <a href=\"http:\/\/factorhia.com\/wp-admin\/\">tu escritorio<\/a> para borrar esta p\u00e1gina y crear p\u00e1ginas nuevas con tu propio contenido. \u00a1P\u00e1salo bien!<\/p>","_et_gb_content_width":"","footnotes":""},"class_list":["post-590","page","type-page","status-publish","hentry"],"_links":{"self":[{"href":"https:\/\/factorhia.com\/en\/wp-json\/wp\/v2\/pages\/590","targetHints":{"allow":["GET"]}}],"collection":[{"href":"https:\/\/factorhia.com\/en\/wp-json\/wp\/v2\/pages"}],"about":[{"href":"https:\/\/factorhia.com\/en\/wp-json\/wp\/v2\/types\/page"}],"author":[{"embeddable":true,"href":"https:\/\/factorhia.com\/en\/wp-json\/wp\/v2\/users\/1"}],"replies":[{"embeddable":true,"href":"https:\/\/factorhia.com\/en\/wp-json\/wp\/v2\/comments?post=590"}],"version-history":[{"count":1,"href":"https:\/\/factorhia.com\/en\/wp-json\/wp\/v2\/pages\/590\/revisions"}],"predecessor-version":[{"id":635,"href":"https:\/\/factorhia.com\/en\/wp-json\/wp\/v2\/pages\/590\/revisions\/635"}],"wp:attachment":[{"href":"https:\/\/factorhia.com\/en\/wp-json\/wp\/v2\/media?parent=590"}],"curies":[{"name":"wp","href":"https:\/\/api.w.org\/{rel}","templated":true}]}}